{"id":129,"date":"2017-09-02T10:21:03","date_gmt":"2017-09-02T08:21:03","guid":{"rendered":"http:\/\/morglblmusic.com\/?page_id=129"},"modified":"2017-09-02T14:31:15","modified_gmt":"2017-09-02T12:31:15","slug":"music","status":"publish","type":"page","link":"https:\/\/morglblmusic.com\/index.php\/music\/","title":{"rendered":"Music"},"content":{"rendered":"<p>Tea Time For Punks(2015)<\/p>\n<p><iframe loading=\"lazy\" title=\"M\u00f6rglbl - Chinese Buffet by aureldrums\" width=\"474\" height=\"400\" scrolling=\"no\" frameborder=\"no\" src=\"https:\/\/w.soundcloud.com\/player\/?visual=true&#038;url=https%3A%2F%2Fapi.soundcloud.com%2Ftracks%2F201686333&#038;show_artwork=true&#038;maxheight=711&#038;maxwidth=474\"><\/iframe><\/p>\n<p>Brutal R\u00f6mance(2012)<\/p>\n<p><iframe loading=\"lazy\" title=\"Brutal Romance by aureldrums\" width=\"474\" height=\"400\" scrolling=\"no\" frameborder=\"no\" src=\"https:\/\/w.soundcloud.com\/player\/?visual=true&#038;url=https%3A%2F%2Fapi.soundcloud.com%2Ftracks%2F340584875&#038;show_artwork=true&#038;maxheight=711&#038;maxwidth=474\"><\/iframe><\/p>\n<p>J\u00e4zz for the deaf(2009)<\/p>\n<p><iframe loading=\"lazy\" title=\"J\u00e4zz For Deaf People by aureldrums\" width=\"474\" height=\"400\" scrolling=\"no\" frameborder=\"no\" src=\"https:\/\/w.soundcloud.com\/player\/?visual=true&#038;url=https%3A%2F%2Fapi.soundcloud.com%2Ftracks%2F340584891&#038;show_artwork=true&#038;maxheight=711&#038;maxwidth=474\"><\/iframe><\/p>\n<p>Toon Tunes from the Past(2008)<\/p>\n<p><iframe loading=\"lazy\" title=\"Streets And Traps by aureldrums\" width=\"474\" height=\"400\" scrolling=\"no\" frameborder=\"no\" src=\"https:\/\/w.soundcloud.com\/player\/?visual=true&#038;url=https%3A%2F%2Fapi.soundcloud.com%2Ftracks%2F340585375&#038;show_artwork=true&#038;maxheight=711&#038;maxwidth=474\"><\/iframe><\/p>\n<p>Gr\u00f6tesk(2007)<\/p>\n<p><iframe loading=\"lazy\" title=\"F\u00e9vrier Afghan by aureldrums\" width=\"474\" height=\"400\" scrolling=\"no\" frameborder=\"no\" src=\"https:\/\/w.soundcloud.com\/player\/?visual=true&#038;url=https%3A%2F%2Fapi.soundcloud.com%2Ftracks%2F340584898&#038;show_artwork=true&#038;maxheight=711&#038;maxwidth=474\"><\/iframe><\/p>\n<p>Bienvenue \u00e0 M\u00f6rglbl Land(1999)<\/p>\n<p><iframe loading=\"lazy\" title=\"Scipagnoleg et Bombola by aureldrums\" width=\"474\" height=\"400\" scrolling=\"no\" frameborder=\"no\" src=\"https:\/\/w.soundcloud.com\/player\/?visual=true&#038;url=https%3A%2F%2Fapi.soundcloud.com%2Ftracks%2F340584911&#038;show_artwork=true&#038;maxheight=711&#038;maxwidth=474\"><\/iframe><\/p>\n<p>The M\u00f6rglbl Trio(1998)<\/p>\n<p><iframe loading=\"lazy\" title=\"The Tale Of Thibault by aureldrums\" width=\"474\" height=\"400\" scrolling=\"no\" frameborder=\"no\" src=\"https:\/\/w.soundcloud.com\/player\/?visual=true&#038;url=https%3A%2F%2Fapi.soundcloud.com%2Ftracks%2F340584883&#038;show_artwork=true&#038;maxheight=711&#038;maxwidth=474\"><\/iframe><\/p>\n","protected":false},"excerpt":{"rendered":"<p>Tea Time For Punks(2015) Brutal R\u00f6mance(2012) J\u00e4zz for the deaf(2009) Toon Tunes from the Past(2008) Gr\u00f6tesk(2007) Bienvenue \u00e0 M\u00f6rglbl Land(1999) The M\u00f6rglbl Trio(1998)<\/p>\n","protected":false},"author":1,"featured_media":0,"parent":0,"menu_order":0,"comment_status":"closed","ping_status":"closed","template":"","meta":{"jetpack_post_was_ever_published":false,"footnotes":""},"class_list":["post-129","page","type-page","status-publish","hentry"],"aioseo_notices":[],"jetpack_sharing_enabled":true,"jetpack_shortlink":"https:\/\/wp.me\/P98i6G-25","jetpack_likes_enabled":true,"_links":{"self":[{"href":"https:\/\/morglblmusic.com\/index.php\/wp-json\/wp\/v2\/pages\/129","targetHints":{"allow":["GET"]}}],"collection":[{"href":"https:\/\/morglblmusic.com\/index.php\/wp-json\/wp\/v2\/pages"}],"about":[{"href":"https:\/\/morglblmusic.com\/index.php\/wp-json\/wp\/v2\/types\/page"}],"author":[{"embeddable":true,"href":"https:\/\/morglblmusic.com\/index.php\/wp-json\/wp\/v2\/users\/1"}],"replies":[{"embeddable":true,"href":"https:\/\/morglblmusic.com\/index.php\/wp-json\/wp\/v2\/comments?post=129"}],"version-history":[{"count":9,"href":"https:\/\/morglblmusic.com\/index.php\/wp-json\/wp\/v2\/pages\/129\/revisions"}],"predecessor-version":[{"id":146,"href":"https:\/\/morglblmusic.com\/index.php\/wp-json\/wp\/v2\/pages\/129\/revisions\/146"}],"wp:attachment":[{"href":"https:\/\/morglblmusic.com\/index.php\/wp-json\/wp\/v2\/media?parent=129"}],"curies":[{"name":"wp","href":"https:\/\/api.w.org\/{rel}","templated":true}]}}